{"id":68,"date":"2018-03-17T13:32:56","date_gmt":"2018-03-17T13:32:56","guid":{"rendered":"https:\/\/newlife.com.br\/site\/?page_id=68"},"modified":"2018-03-17T13:36:17","modified_gmt":"2018-03-17T13:36:17","slug":"politica-de-troca-e-devolucao","status":"publish","type":"page","link":"https:\/\/newlife.com.br\/site\/politica-de-troca-e-devolucao\/","title":{"rendered":"Pol\u00edtica de Troca e Devolu\u00e7\u00e3o"},"content":{"rendered":"<p>[et_pb_section bb_built=&#8221;1&#8243;][et_pb_row][et_pb_column type=&#8221;4_4&#8243;][et_pb_text _builder_version=&#8221;3.0.106&#8243; background_layout=&#8221;light&#8221;]<\/p>\n<h1 style=\"text-align: center;\">Pol\u00edtica de Troca e Devolu\u00e7\u00e3o<\/h1>\n<p>[\/et_pb_text][et_pb_text _builder_version=&#8221;3.0.106&#8243; background_layout=&#8221;light&#8221;]<\/p>\n<p style=\"text-align: justify;\">Nossa preocupa\u00e7\u00e3o principal \u00e9 que o nosso produto chegue em seguran\u00e7a at\u00e9 a sua resid\u00eancia ou escrit\u00f3rio. Por isso utilizamos os servi\u00e7os do SEDEX. Ao chegar ao caixa o c\u00e1lculo do frete \u00e9 autom\u00e1tico para todas as regi\u00f5es do Brasil. Caso prefira que enviemos o seu produto por qualquer outro meio de transporte, entre em contato conosco.<\/p>\n<p><strong>New Life- Salto\/SP &#8211; Telefone: (11) 4021-5795 &#8211; <\/strong><a href=\"mailto:newlife@newlife.com.br\"><strong>newlife@newlife.com.br<\/strong><\/a><\/p>\n<p>[\/et_pb_text][\/et_pb_column][\/et_pb_row][\/et_pb_section]<\/p>\n","protected":false},"excerpt":{"rendered":"<p><div class=\"et_pb_row et_pb_row_0 et_pb_row_empty\">\n\t\t\t\t\n\t\t\t\t\n\t\t\t\t\n\t\t\t\t\n\t\t\t\t\n\t\t\t<\/div> Pol\u00edtica de Troca e Devolu\u00e7\u00e3o Nossa preocupa\u00e7\u00e3o principal \u00e9 que o nosso produto chegue em seguran\u00e7a at\u00e9 a sua resid\u00eancia ou escrit\u00f3rio. Por isso utilizamos os servi\u00e7os do SEDEX. Ao chegar ao caixa o c\u00e1lculo do frete \u00e9 autom\u00e1tico para todas as regi\u00f5es do Brasil. Caso prefira que enviemos o seu produto por qualquer [&hellip;]<\/p>\n","protected":false},"author":1,"featured_media":0,"parent":0,"menu_order":0,"comment_status":"closed","ping_status":"closed","template":"","meta":{"_et_pb_use_builder":"on","_et_pb_old_content":"","_et_gb_content_width":"","footnotes":""},"class_list":["post-68","page","type-page","status-publish","hentry"],"yoast_head":"<!-- This site is optimized with the Yoast SEO plugin v27.5 - https:\/\/yoast.com\/product\/yoast-seo-wordpress\/ -->\n<title>Pol\u00edtica de Troca e Devolu\u00e7\u00e3o - New Life<\/title>\n<meta name=\"robots\" content=\"index, follow, max-snippet:-1, max-image-preview:large, max-video-preview:-1\" \/>\n<link rel=\"canonical\" href=\"https:\/\/newlife.com.br\/site\/politica-de-troca-e-devolucao\/\" \/>\n<meta property=\"og:locale\" content=\"pt_BR\" \/>\n<meta property=\"og:type\" content=\"article\" \/>\n<meta property=\"og:title\" content=\"Pol\u00edtica de Troca e Devolu\u00e7\u00e3o - New Life\" \/>\n<meta property=\"og:description\" content=\"Pol\u00edtica de Troca e Devolu\u00e7\u00e3o Nossa preocupa\u00e7\u00e3o principal \u00e9 que o nosso produto chegue em seguran\u00e7a at\u00e9 a sua resid\u00eancia ou escrit\u00f3rio. Por isso utilizamos os servi\u00e7os do SEDEX. Ao chegar ao caixa o c\u00e1lculo do frete \u00e9 autom\u00e1tico para todas as regi\u00f5es do Brasil. Caso prefira que enviemos o seu produto por qualquer [&hellip;]\" \/>\n<meta property=\"og:url\" content=\"https:\/\/newlife.com.br\/site\/politica-de-troca-e-devolucao\/\" \/>\n<meta property=\"og:site_name\" content=\"New Life\" \/>\n<meta property=\"article:modified_time\" content=\"2018-03-17T13:36:17+00:00\" \/>\n<meta name=\"twitter:card\" content=\"summary_large_image\" \/>\n<meta name=\"twitter:label1\" content=\"Est. tempo de leitura\" \/>\n\t<meta name=\"twitter:data1\" content=\"1 minuto\" \/>\n<script type=\"application\/ld+json\" class=\"yoast-schema-graph\">{\"@context\":\"https:\\\/\\\/schema.org\",\"@graph\":[{\"@type\":\"WebPage\",\"@id\":\"https:\\\/\\\/newlife.com.br\\\/site\\\/politica-de-troca-e-devolucao\\\/\",\"url\":\"https:\\\/\\\/newlife.com.br\\\/site\\\/politica-de-troca-e-devolucao\\\/\",\"name\":\"Pol\u00edtica de Troca e Devolu\u00e7\u00e3o - New Life\",\"isPartOf\":{\"@id\":\"https:\\\/\\\/newlife.com.br\\\/site\\\/#website\"},\"datePublished\":\"2018-03-17T13:32:56+00:00\",\"dateModified\":\"2018-03-17T13:36:17+00:00\",\"breadcrumb\":{\"@id\":\"https:\\\/\\\/newlife.com.br\\\/site\\\/politica-de-troca-e-devolucao\\\/#breadcrumb\"},\"inLanguage\":\"pt-BR\",\"potentialAction\":[{\"@type\":\"ReadAction\",\"target\":[\"https:\\\/\\\/newlife.com.br\\\/site\\\/politica-de-troca-e-devolucao\\\/\"]}]},{\"@type\":\"BreadcrumbList\",\"@id\":\"https:\\\/\\\/newlife.com.br\\\/site\\\/politica-de-troca-e-devolucao\\\/#breadcrumb\",\"itemListElement\":[{\"@type\":\"ListItem\",\"position\":1,\"name\":\"In\u00edcio\",\"item\":\"https:\\\/\\\/newlife.com.br\\\/site\\\/\"},{\"@type\":\"ListItem\",\"position\":2,\"name\":\"Pol\u00edtica de Troca e Devolu\u00e7\u00e3o\"}]},{\"@type\":\"WebSite\",\"@id\":\"https:\\\/\\\/newlife.com.br\\\/site\\\/#website\",\"url\":\"https:\\\/\\\/newlife.com.br\\\/site\\\/\",\"name\":\"New Life\",\"description\":\"New Life\",\"potentialAction\":[{\"@type\":\"SearchAction\",\"target\":{\"@type\":\"EntryPoint\",\"urlTemplate\":\"https:\\\/\\\/newlife.com.br\\\/site\\\/?s={search_term_string}\"},\"query-input\":{\"@type\":\"PropertyValueSpecification\",\"valueRequired\":true,\"valueName\":\"search_term_string\"}}],\"inLanguage\":\"pt-BR\"}]}<\/script>\n<!-- \/ Yoast SEO plugin. -->","yoast_head_json":{"title":"Pol\u00edtica de Troca e Devolu\u00e7\u00e3o - New Life","robots":{"index":"index","follow":"follow","max-snippet":"max-snippet:-1","max-image-preview":"max-image-preview:large","max-video-preview":"max-video-preview:-1"},"canonical":"https:\/\/newlife.com.br\/site\/politica-de-troca-e-devolucao\/","og_locale":"pt_BR","og_type":"article","og_title":"Pol\u00edtica de Troca e Devolu\u00e7\u00e3o - New Life","og_description":"Pol\u00edtica de Troca e Devolu\u00e7\u00e3o Nossa preocupa\u00e7\u00e3o principal \u00e9 que o nosso produto chegue em seguran\u00e7a at\u00e9 a sua resid\u00eancia ou escrit\u00f3rio. Por isso utilizamos os servi\u00e7os do SEDEX. Ao chegar ao caixa o c\u00e1lculo do frete \u00e9 autom\u00e1tico para todas as regi\u00f5es do Brasil. Caso prefira que enviemos o seu produto por qualquer [&hellip;]","og_url":"https:\/\/newlife.com.br\/site\/politica-de-troca-e-devolucao\/","og_site_name":"New Life","article_modified_time":"2018-03-17T13:36:17+00:00","twitter_card":"summary_large_image","twitter_misc":{"Est. tempo de leitura":"1 minuto"},"schema":{"@context":"https:\/\/schema.org","@graph":[{"@type":"WebPage","@id":"https:\/\/newlife.com.br\/site\/politica-de-troca-e-devolucao\/","url":"https:\/\/newlife.com.br\/site\/politica-de-troca-e-devolucao\/","name":"Pol\u00edtica de Troca e Devolu\u00e7\u00e3o - New Life","isPartOf":{"@id":"https:\/\/newlife.com.br\/site\/#website"},"datePublished":"2018-03-17T13:32:56+00:00","dateModified":"2018-03-17T13:36:17+00:00","breadcrumb":{"@id":"https:\/\/newlife.com.br\/site\/politica-de-troca-e-devolucao\/#breadcrumb"},"inLanguage":"pt-BR","potentialAction":[{"@type":"ReadAction","target":["https:\/\/newlife.com.br\/site\/politica-de-troca-e-devolucao\/"]}]},{"@type":"BreadcrumbList","@id":"https:\/\/newlife.com.br\/site\/politica-de-troca-e-devolucao\/#breadcrumb","itemListElement":[{"@type":"ListItem","position":1,"name":"In\u00edcio","item":"https:\/\/newlife.com.br\/site\/"},{"@type":"ListItem","position":2,"name":"Pol\u00edtica de Troca e Devolu\u00e7\u00e3o"}]},{"@type":"WebSite","@id":"https:\/\/newlife.com.br\/site\/#website","url":"https:\/\/newlife.com.br\/site\/","name":"New Life","description":"New Life","potentialAction":[{"@type":"SearchAction","target":{"@type":"EntryPoint","urlTemplate":"https:\/\/newlife.com.br\/site\/?s={search_term_string}"},"query-input":{"@type":"PropertyValueSpecification","valueRequired":true,"valueName":"search_term_string"}}],"inLanguage":"pt-BR"}]}},"_links":{"self":[{"href":"https:\/\/newlife.com.br\/site\/wp-json\/wp\/v2\/pages\/68","targetHints":{"allow":["GET"]}}],"collection":[{"href":"https:\/\/newlife.com.br\/site\/wp-json\/wp\/v2\/pages"}],"about":[{"href":"https:\/\/newlife.com.br\/site\/wp-json\/wp\/v2\/types\/page"}],"author":[{"embeddable":true,"href":"https:\/\/newlife.com.br\/site\/wp-json\/wp\/v2\/users\/1"}],"replies":[{"embeddable":true,"href":"https:\/\/newlife.com.br\/site\/wp-json\/wp\/v2\/comments?post=68"}],"version-history":[{"count":3,"href":"https:\/\/newlife.com.br\/site\/wp-json\/wp\/v2\/pages\/68\/revisions"}],"predecessor-version":[{"id":71,"href":"https:\/\/newlife.com.br\/site\/wp-json\/wp\/v2\/pages\/68\/revisions\/71"}],"wp:attachment":[{"href":"https:\/\/newlife.com.br\/site\/wp-json\/wp\/v2\/media?parent=68"}],"curies":[{"name":"wp","href":"https:\/\/api.w.org\/{rel}","templated":true}]}}