{"id":149,"date":"2018-03-23T17:48:23","date_gmt":"2018-03-23T17:48:23","guid":{"rendered":"https:\/\/newlife.com.br\/site\/?post_type=product&#038;p=149"},"modified":"2026-03-05T09:28:50","modified_gmt":"2026-03-05T12:28:50","slug":"kit-multimistura-2-potes-com-300g-promocao","status":"publish","type":"product","link":"https:\/\/newlife.com.br\/site\/produto\/kit-multimistura-2-potes-com-300g-promocao\/","title":{"rendered":"Kit Multimistura: 2 potes com 300g + promo\u00e7\u00e3o"},"content":{"rendered":"<p>A multimistura New Life \u00e9 composta de fibras, vitaminas e micro nutrientes em grande concentra\u00e7\u00e3o, o que possibilita atender boa parte da complexa necessidade nutricional de cada pessoa por maior que seja a car\u00eancia.<\/p>\n<p>A multimistura New Life por seus componentes naturais combate o stress, cansa\u00e7o f\u00edsico e mental, sendo indicada para atletas e praticantes de esportes, aumentando consideravelmente a resist\u00eancia e o condicionamento f\u00edsico rapidamente, podendo ser usada por portadores de diabetes e insufici\u00eancia renal sem restri\u00e7\u00f5es.<\/p>\n<p>A multimistura New Life \u00e9 aconselh\u00e1vel para crian\u00e7as ap\u00f3s os seis meses de idade, mas em caso de anemia ou alto grau de desnutri\u00e7\u00e3o, inicia-se o tratamento de imediato n\u00e3o importando a idade.<\/p>\n<p>\u00c9 um produto 100% natural, n\u00e3o contendo aditivos qu\u00edmicos ou conservantes, devendo o p\u00f3 ser adicionado nos alimentos j\u00e1 cozidos e prontos, n\u00e3o perdendo assim seus altos valores nutritivos.<\/p>\n","protected":false},"excerpt":{"rendered":"<h4><strong>100%NATURAL<\/strong>\u00a0<img loading=\"lazy\" decoding=\"async\" class=\"alignnone size-full wp-image-137\" src=\"https:\/\/newlife.com.br\/site\/wp-content\/uploads\/2018\/03\/Vegan-3.gif\" alt=\"\" width=\"148\" height=\"56\" \/><\/h4>\n<p>A Multimistura New Life \u00e9 um composto alimentar de folhas desidratadas de mandioca; farelos de arroz, aveia e trigo; sementes de ab\u00f3bora, gergelim, girassol, linha\u00e7a e sal marinho.<\/p>\n","protected":false},"featured_media":151,"template":"","meta":{"_et_pb_use_builder":"","_et_pb_old_content":"","_et_gb_content_width":""},"product_brand":[],"product_cat":[17,22],"product_tag":[],"class_list":{"0":"post-149","1":"product","2":"type-product","3":"status-publish","4":"has-post-thumbnail","6":"product_cat-kits-promocionais","7":"product_cat-multimistura","9":"first","10":"outofstock","11":"featured","12":"shipping-taxable","13":"purchasable","14":"product-type-simple"},"yoast_head":"<!-- This site is optimized with the Yoast SEO plugin v27.4 - https:\/\/yoast.com\/product\/yoast-seo-wordpress\/ -->\n<title>Kit Multimistura: 2 potes com 300g + promo\u00e7\u00e3o - New Life<\/title>\n<meta name=\"robots\" content=\"index, follow, max-snippet:-1, max-image-preview:large, max-video-preview:-1\" \/>\n<link rel=\"canonical\" href=\"https:\/\/newlife.com.br\/site\/produto\/kit-multimistura-2-potes-com-300g-promocao\/\" \/>\n<meta property=\"og:locale\" content=\"pt_BR\" \/>\n<meta property=\"og:type\" content=\"article\" \/>\n<meta property=\"og:title\" content=\"Kit Multimistura: 2 potes com 300g + promo\u00e7\u00e3o - New Life\" \/>\n<meta property=\"og:description\" content=\"100%NATURAL\u00a0 A Multimistura New Life \u00e9 um composto alimentar de folhas desidratadas de mandioca; farelos de arroz, aveia e trigo; sementes de ab\u00f3bora, gergelim, girassol, linha\u00e7a e sal marinho.\" \/>\n<meta property=\"og:url\" content=\"https:\/\/newlife.com.br\/site\/produto\/kit-multimistura-2-potes-com-300g-promocao\/\" \/>\n<meta property=\"og:site_name\" content=\"New Life\" \/>\n<meta property=\"article:modified_time\" content=\"2026-03-05T12:28:50+00:00\" \/>\n<meta property=\"og:image\" content=\"https:\/\/newlife.com.br\/site\/wp-content\/uploads\/2018\/03\/02g.jpg\" \/>\n\t<meta property=\"og:image:width\" content=\"600\" \/>\n\t<meta property=\"og:image:height\" content=\"600\" \/>\n\t<meta property=\"og:image:type\" content=\"image\/jpeg\" \/>\n<meta name=\"twitter:card\" content=\"summary_large_image\" \/>\n<meta name=\"twitter:label1\" content=\"Est. tempo de leitura\" \/>\n\t<meta name=\"twitter:data1\" content=\"1 minuto\" \/>\n<script type=\"application\/ld+json\" class=\"yoast-schema-graph\">{\"@context\":\"https:\\\/\\\/schema.org\",\"@graph\":[{\"@type\":\"WebPage\",\"@id\":\"https:\\\/\\\/newlife.com.br\\\/site\\\/produto\\\/kit-multimistura-2-potes-com-300g-promocao\\\/\",\"url\":\"https:\\\/\\\/newlife.com.br\\\/site\\\/produto\\\/kit-multimistura-2-potes-com-300g-promocao\\\/\",\"name\":\"Kit Multimistura: 2 potes com 300g + promo\u00e7\u00e3o - New Life\",\"isPartOf\":{\"@id\":\"https:\\\/\\\/newlife.com.br\\\/site\\\/#website\"},\"primaryImageOfPage\":{\"@id\":\"https:\\\/\\\/newlife.com.br\\\/site\\\/produto\\\/kit-multimistura-2-potes-com-300g-promocao\\\/#primaryimage\"},\"image\":{\"@id\":\"https:\\\/\\\/newlife.com.br\\\/site\\\/produto\\\/kit-multimistura-2-potes-com-300g-promocao\\\/#primaryimage\"},\"thumbnailUrl\":\"https:\\\/\\\/newlife.com.br\\\/site\\\/wp-content\\\/uploads\\\/2018\\\/03\\\/02g.jpg\",\"datePublished\":\"2018-03-23T17:48:23+00:00\",\"dateModified\":\"2026-03-05T12:28:50+00:00\",\"breadcrumb\":{\"@id\":\"https:\\\/\\\/newlife.com.br\\\/site\\\/produto\\\/kit-multimistura-2-potes-com-300g-promocao\\\/#breadcrumb\"},\"inLanguage\":\"pt-BR\",\"potentialAction\":[{\"@type\":\"ReadAction\",\"target\":[\"https:\\\/\\\/newlife.com.br\\\/site\\\/produto\\\/kit-multimistura-2-potes-com-300g-promocao\\\/\"]}]},{\"@type\":\"ImageObject\",\"inLanguage\":\"pt-BR\",\"@id\":\"https:\\\/\\\/newlife.com.br\\\/site\\\/produto\\\/kit-multimistura-2-potes-com-300g-promocao\\\/#primaryimage\",\"url\":\"https:\\\/\\\/newlife.com.br\\\/site\\\/wp-content\\\/uploads\\\/2018\\\/03\\\/02g.jpg\",\"contentUrl\":\"https:\\\/\\\/newlife.com.br\\\/site\\\/wp-content\\\/uploads\\\/2018\\\/03\\\/02g.jpg\",\"width\":600,\"height\":600},{\"@type\":\"BreadcrumbList\",\"@id\":\"https:\\\/\\\/newlife.com.br\\\/site\\\/produto\\\/kit-multimistura-2-potes-com-300g-promocao\\\/#breadcrumb\",\"itemListElement\":[{\"@type\":\"ListItem\",\"position\":1,\"name\":\"In\u00edcio\",\"item\":\"https:\\\/\\\/newlife.com.br\\\/site\\\/\"},{\"@type\":\"ListItem\",\"position\":2,\"name\":\"Loja\",\"item\":\"https:\\\/\\\/newlife.com.br\\\/site\\\/loja\\\/\"},{\"@type\":\"ListItem\",\"position\":3,\"name\":\"Kit Multimistura: 2 potes com 300g + promo\u00e7\u00e3o\"}]},{\"@type\":\"WebSite\",\"@id\":\"https:\\\/\\\/newlife.com.br\\\/site\\\/#website\",\"url\":\"https:\\\/\\\/newlife.com.br\\\/site\\\/\",\"name\":\"New Life\",\"description\":\"New Life\",\"potentialAction\":[{\"@type\":\"SearchAction\",\"target\":{\"@type\":\"EntryPoint\",\"urlTemplate\":\"https:\\\/\\\/newlife.com.br\\\/site\\\/?s={search_term_string}\"},\"query-input\":{\"@type\":\"PropertyValueSpecification\",\"valueRequired\":true,\"valueName\":\"search_term_string\"}}],\"inLanguage\":\"pt-BR\"}]}<\/script>\n<!-- \/ Yoast SEO plugin. -->","yoast_head_json":{"title":"Kit Multimistura: 2 potes com 300g + promo\u00e7\u00e3o - New Life","robots":{"index":"index","follow":"follow","max-snippet":"max-snippet:-1","max-image-preview":"max-image-preview:large","max-video-preview":"max-video-preview:-1"},"canonical":"https:\/\/newlife.com.br\/site\/produto\/kit-multimistura-2-potes-com-300g-promocao\/","og_locale":"pt_BR","og_type":"article","og_title":"Kit Multimistura: 2 potes com 300g + promo\u00e7\u00e3o - New Life","og_description":"100%NATURAL\u00a0 A Multimistura New Life \u00e9 um composto alimentar de folhas desidratadas de mandioca; farelos de arroz, aveia e trigo; sementes de ab\u00f3bora, gergelim, girassol, linha\u00e7a e sal marinho.","og_url":"https:\/\/newlife.com.br\/site\/produto\/kit-multimistura-2-potes-com-300g-promocao\/","og_site_name":"New Life","article_modified_time":"2026-03-05T12:28:50+00:00","og_image":[{"width":600,"height":600,"url":"https:\/\/newlife.com.br\/site\/wp-content\/uploads\/2018\/03\/02g.jpg","type":"image\/jpeg"}],"twitter_card":"summary_large_image","twitter_misc":{"Est. tempo de leitura":"1 minuto"},"schema":{"@context":"https:\/\/schema.org","@graph":[{"@type":"WebPage","@id":"https:\/\/newlife.com.br\/site\/produto\/kit-multimistura-2-potes-com-300g-promocao\/","url":"https:\/\/newlife.com.br\/site\/produto\/kit-multimistura-2-potes-com-300g-promocao\/","name":"Kit Multimistura: 2 potes com 300g + promo\u00e7\u00e3o - New Life","isPartOf":{"@id":"https:\/\/newlife.com.br\/site\/#website"},"primaryImageOfPage":{"@id":"https:\/\/newlife.com.br\/site\/produto\/kit-multimistura-2-potes-com-300g-promocao\/#primaryimage"},"image":{"@id":"https:\/\/newlife.com.br\/site\/produto\/kit-multimistura-2-potes-com-300g-promocao\/#primaryimage"},"thumbnailUrl":"https:\/\/newlife.com.br\/site\/wp-content\/uploads\/2018\/03\/02g.jpg","datePublished":"2018-03-23T17:48:23+00:00","dateModified":"2026-03-05T12:28:50+00:00","breadcrumb":{"@id":"https:\/\/newlife.com.br\/site\/produto\/kit-multimistura-2-potes-com-300g-promocao\/#breadcrumb"},"inLanguage":"pt-BR","potentialAction":[{"@type":"ReadAction","target":["https:\/\/newlife.com.br\/site\/produto\/kit-multimistura-2-potes-com-300g-promocao\/"]}]},{"@type":"ImageObject","inLanguage":"pt-BR","@id":"https:\/\/newlife.com.br\/site\/produto\/kit-multimistura-2-potes-com-300g-promocao\/#primaryimage","url":"https:\/\/newlife.com.br\/site\/wp-content\/uploads\/2018\/03\/02g.jpg","contentUrl":"https:\/\/newlife.com.br\/site\/wp-content\/uploads\/2018\/03\/02g.jpg","width":600,"height":600},{"@type":"BreadcrumbList","@id":"https:\/\/newlife.com.br\/site\/produto\/kit-multimistura-2-potes-com-300g-promocao\/#breadcrumb","itemListElement":[{"@type":"ListItem","position":1,"name":"In\u00edcio","item":"https:\/\/newlife.com.br\/site\/"},{"@type":"ListItem","position":2,"name":"Loja","item":"https:\/\/newlife.com.br\/site\/loja\/"},{"@type":"ListItem","position":3,"name":"Kit Multimistura: 2 potes com 300g + promo\u00e7\u00e3o"}]},{"@type":"WebSite","@id":"https:\/\/newlife.com.br\/site\/#website","url":"https:\/\/newlife.com.br\/site\/","name":"New Life","description":"New Life","potentialAction":[{"@type":"SearchAction","target":{"@type":"EntryPoint","urlTemplate":"https:\/\/newlife.com.br\/site\/?s={search_term_string}"},"query-input":{"@type":"PropertyValueSpecification","valueRequired":true,"valueName":"search_term_string"}}],"inLanguage":"pt-BR"}]}},"_links":{"self":[{"href":"https:\/\/newlife.com.br\/site\/wp-json\/wp\/v2\/product\/149","targetHints":{"allow":["GET"]}}],"collection":[{"href":"https:\/\/newlife.com.br\/site\/wp-json\/wp\/v2\/product"}],"about":[{"href":"https:\/\/newlife.com.br\/site\/wp-json\/wp\/v2\/types\/product"}],"wp:featuredmedia":[{"embeddable":true,"href":"https:\/\/newlife.com.br\/site\/wp-json\/wp\/v2\/media\/151"}],"wp:attachment":[{"href":"https:\/\/newlife.com.br\/site\/wp-json\/wp\/v2\/media?parent=149"}],"wp:term":[{"taxonomy":"product_brand","embeddable":true,"href":"https:\/\/newlife.com.br\/site\/wp-json\/wp\/v2\/product_brand?post=149"},{"taxonomy":"product_cat","embeddable":true,"href":"https:\/\/newlife.com.br\/site\/wp-json\/wp\/v2\/product_cat?post=149"},{"taxonomy":"product_tag","embeddable":true,"href":"https:\/\/newlife.com.br\/site\/wp-json\/wp\/v2\/product_tag?post=149"}],"curies":[{"name":"wp","href":"https:\/\/api.w.org\/{rel}","templated":true}]}}