{"id":156,"date":"2018-03-24T00:11:05","date_gmt":"2018-03-24T00:11:05","guid":{"rendered":"https:\/\/newlife.com.br\/site\/?post_type=product&#038;p=156"},"modified":"2022-07-25T09:48:17","modified_gmt":"2022-07-25T12:48:17","slug":"multilinhaca-pote-com-140-capsulas","status":"publish","type":"product","link":"https:\/\/newlife.com.br\/site\/produto\/multilinhaca-pote-com-140-capsulas\/","title":{"rendered":"Multi Linha\u00e7a pote com 140 capsulas"},"content":{"rendered":"<p>Rica em prote\u00ednas, fibras, vitaminas e minerais. Fonte de \u00f4mega 3 (60%). Componentes ricos em fitoester\u00f3ides (as lignanas), subst\u00e2ncias que imitam a a\u00e7\u00e3o do estr\u00f3geno.<\/p>\n<p>Os valores nutricionais dessa pequena semente dourada, que cresce na China, nos EUA, no Canad\u00e1, na Europa e agora no Brasil, j\u00e1 s\u00e3o bem conhecidos. Rica em proteinas, fibras, vitaminas e minerais, ela est\u00e1 incorporada \u00e0 massa de v\u00e1rios p\u00e3es e biscoitos.<\/p>\n<p>A novidade agora s\u00e3o os estudos que indicam a linha\u00e7a como a principal fonte de \u00e1cidos graxos do tipo \u00f4mega 3, que combatem as obstru\u00e7\u00f5es nas art\u00e9rias, causadoras de doen\u00e7as card\u00edacas. At\u00e9 hoje, as fontes mais conhecidas de \u00f4mega 3 eram os peixes de \u00e1guas profundas.<\/p>\n<p>Pesquisas j\u00e1 comprovaram que o \u00f3leo de linha\u00e7a tem 60% de \u00f4mega 3, enquanto o \u00f3leo de salm\u00e3o tem 30%. \u201cOs \u00f4mega ajudam na constru\u00e7\u00e3o de mol\u00e9culas de hemoglobina, que carregam o oxig\u00eanio pelo sangue, e exercem uma a\u00e7\u00e3o antioxidante e de renova\u00e7\u00e3o celular\u201d.<\/p>\n<p>\u00c1cidos graxos essenciais, como os \u00f4mega, estimulam a produ\u00e7\u00e3o de prostaglandinas, compostos que melhoram a circula\u00e7\u00e3o sangu\u00ednea e removem o excesso de s\u00f3dio dos rins, diminuindo a reten\u00e7\u00e3o de l\u00edquidos, inclusive durante o per\u00edodo pr\u00e9-menstrual\u201d.<\/p>\n<p>Mas n\u00e3o \u00e9 s\u00f3 isso. Segundo estudos realizados pela professora canadense de Ci\u00eancias e Nutri\u00e7\u00e3o Lilian Thompson, a semente de linha\u00e7a ajuda na preven\u00e7\u00e3o do c\u00e2ncer de mama por neutralizar a a\u00e7\u00e3o do estr\u00f3geno sobre essa gl\u00e2ndula. \u201cAl\u00e9m de ser fonte de \u00f4mega, a semente tem componentes ricos em fitoesteroides(as lignanas), subst\u00e2ncias que imitam a a\u00e7\u00e3o do estr\u00f3geno\u201d. No entanto, os horm\u00f4nios naturais de origem vegetal s\u00e3o bem mais fracos e praticamente n\u00e3o t\u00eam efeito negativo sobre as c\u00e9lulas do tecido mam\u00e1rio. Eles conseguem enganar os receptores do estr\u00f3geno, bloqueando sua a\u00e7\u00e3o.<\/p>\n","protected":false},"excerpt":{"rendered":"<p><strong>Rica em prote\u00ednas, fibras, vitaminas e minerais. Fonte de \u00f4mega 3 (60%). Componentes ricos em fitoesteroides (as lignanas), subst\u00e2ncias que imitam a a\u00e7\u00e3o do estr\u00f3geno.<\/strong><\/p>\n","protected":false},"featured_media":159,"template":"","meta":{"_et_pb_use_builder":"","_et_pb_old_content":"","_et_gb_content_width":""},"product_brand":[],"product_cat":[25],"product_tag":[],"class_list":{"0":"post-156","1":"product","2":"type-product","3":"status-publish","4":"has-post-thumbnail","6":"product_cat-multi-linhaca","8":"first","9":"onbackorder","10":"shipping-taxable","11":"purchasable","12":"product-type-simple"},"yoast_head":"<!-- This site is optimized with the Yoast SEO plugin v27.5 - https:\/\/yoast.com\/product\/yoast-seo-wordpress\/ -->\n<title>Multi Linha\u00e7a pote com 140 capsulas - New Life<\/title>\n<meta name=\"robots\" content=\"index, follow, max-snippet:-1, max-image-preview:large, max-video-preview:-1\" \/>\n<link rel=\"canonical\" href=\"https:\/\/newlife.com.br\/site\/produto\/multilinhaca-pote-com-140-capsulas\/\" \/>\n<meta property=\"og:locale\" content=\"pt_BR\" \/>\n<meta property=\"og:type\" content=\"article\" \/>\n<meta property=\"og:title\" content=\"Multi Linha\u00e7a pote com 140 capsulas - New Life\" \/>\n<meta property=\"og:description\" content=\"Rica em prote\u00ednas, fibras, vitaminas e minerais. Fonte de \u00f4mega 3 (60%). Componentes ricos em fitoesteroides (as lignanas), subst\u00e2ncias que imitam a a\u00e7\u00e3o do estr\u00f3geno.\" \/>\n<meta property=\"og:url\" content=\"https:\/\/newlife.com.br\/site\/produto\/multilinhaca-pote-com-140-capsulas\/\" \/>\n<meta property=\"og:site_name\" content=\"New Life\" \/>\n<meta property=\"article:modified_time\" content=\"2022-07-25T12:48:17+00:00\" \/>\n<meta property=\"og:image\" content=\"https:\/\/newlife.com.br\/site\/wp-content\/uploads\/2018\/03\/DSC01366.jpg\" \/>\n\t<meta property=\"og:image:width\" content=\"600\" \/>\n\t<meta property=\"og:image:height\" content=\"600\" \/>\n\t<meta property=\"og:image:type\" content=\"image\/jpeg\" \/>\n<meta name=\"twitter:card\" content=\"summary_large_image\" \/>\n<meta name=\"twitter:label1\" content=\"Est. tempo de leitura\" \/>\n\t<meta name=\"twitter:data1\" content=\"2 minutos\" \/>\n<script type=\"application\/ld+json\" class=\"yoast-schema-graph\">{\"@context\":\"https:\\\/\\\/schema.org\",\"@graph\":[{\"@type\":\"WebPage\",\"@id\":\"https:\\\/\\\/newlife.com.br\\\/site\\\/produto\\\/multilinhaca-pote-com-140-capsulas\\\/\",\"url\":\"https:\\\/\\\/newlife.com.br\\\/site\\\/produto\\\/multilinhaca-pote-com-140-capsulas\\\/\",\"name\":\"Multi Linha\u00e7a pote com 140 capsulas - New Life\",\"isPartOf\":{\"@id\":\"https:\\\/\\\/newlife.com.br\\\/site\\\/#website\"},\"primaryImageOfPage\":{\"@id\":\"https:\\\/\\\/newlife.com.br\\\/site\\\/produto\\\/multilinhaca-pote-com-140-capsulas\\\/#primaryimage\"},\"image\":{\"@id\":\"https:\\\/\\\/newlife.com.br\\\/site\\\/produto\\\/multilinhaca-pote-com-140-capsulas\\\/#primaryimage\"},\"thumbnailUrl\":\"https:\\\/\\\/newlife.com.br\\\/site\\\/wp-content\\\/uploads\\\/2018\\\/03\\\/DSC01366.jpg\",\"datePublished\":\"2018-03-24T00:11:05+00:00\",\"dateModified\":\"2022-07-25T12:48:17+00:00\",\"breadcrumb\":{\"@id\":\"https:\\\/\\\/newlife.com.br\\\/site\\\/produto\\\/multilinhaca-pote-com-140-capsulas\\\/#breadcrumb\"},\"inLanguage\":\"pt-BR\",\"potentialAction\":[{\"@type\":\"ReadAction\",\"target\":[\"https:\\\/\\\/newlife.com.br\\\/site\\\/produto\\\/multilinhaca-pote-com-140-capsulas\\\/\"]}]},{\"@type\":\"ImageObject\",\"inLanguage\":\"pt-BR\",\"@id\":\"https:\\\/\\\/newlife.com.br\\\/site\\\/produto\\\/multilinhaca-pote-com-140-capsulas\\\/#primaryimage\",\"url\":\"https:\\\/\\\/newlife.com.br\\\/site\\\/wp-content\\\/uploads\\\/2018\\\/03\\\/DSC01366.jpg\",\"contentUrl\":\"https:\\\/\\\/newlife.com.br\\\/site\\\/wp-content\\\/uploads\\\/2018\\\/03\\\/DSC01366.jpg\",\"width\":600,\"height\":600},{\"@type\":\"BreadcrumbList\",\"@id\":\"https:\\\/\\\/newlife.com.br\\\/site\\\/produto\\\/multilinhaca-pote-com-140-capsulas\\\/#breadcrumb\",\"itemListElement\":[{\"@type\":\"ListItem\",\"position\":1,\"name\":\"In\u00edcio\",\"item\":\"https:\\\/\\\/newlife.com.br\\\/site\\\/\"},{\"@type\":\"ListItem\",\"position\":2,\"name\":\"Loja\",\"item\":\"https:\\\/\\\/newlife.com.br\\\/site\\\/loja\\\/\"},{\"@type\":\"ListItem\",\"position\":3,\"name\":\"Multi Linha\u00e7a pote com 140 capsulas\"}]},{\"@type\":\"WebSite\",\"@id\":\"https:\\\/\\\/newlife.com.br\\\/site\\\/#website\",\"url\":\"https:\\\/\\\/newlife.com.br\\\/site\\\/\",\"name\":\"New Life\",\"description\":\"New Life\",\"potentialAction\":[{\"@type\":\"SearchAction\",\"target\":{\"@type\":\"EntryPoint\",\"urlTemplate\":\"https:\\\/\\\/newlife.com.br\\\/site\\\/?s={search_term_string}\"},\"query-input\":{\"@type\":\"PropertyValueSpecification\",\"valueRequired\":true,\"valueName\":\"search_term_string\"}}],\"inLanguage\":\"pt-BR\"}]}<\/script>\n<!-- \/ Yoast SEO plugin. -->","yoast_head_json":{"title":"Multi Linha\u00e7a pote com 140 capsulas - New Life","robots":{"index":"index","follow":"follow","max-snippet":"max-snippet:-1","max-image-preview":"max-image-preview:large","max-video-preview":"max-video-preview:-1"},"canonical":"https:\/\/newlife.com.br\/site\/produto\/multilinhaca-pote-com-140-capsulas\/","og_locale":"pt_BR","og_type":"article","og_title":"Multi Linha\u00e7a pote com 140 capsulas - New Life","og_description":"Rica em prote\u00ednas, fibras, vitaminas e minerais. Fonte de \u00f4mega 3 (60%). Componentes ricos em fitoesteroides (as lignanas), subst\u00e2ncias que imitam a a\u00e7\u00e3o do estr\u00f3geno.","og_url":"https:\/\/newlife.com.br\/site\/produto\/multilinhaca-pote-com-140-capsulas\/","og_site_name":"New Life","article_modified_time":"2022-07-25T12:48:17+00:00","og_image":[{"width":600,"height":600,"url":"https:\/\/newlife.com.br\/site\/wp-content\/uploads\/2018\/03\/DSC01366.jpg","type":"image\/jpeg"}],"twitter_card":"summary_large_image","twitter_misc":{"Est. tempo de leitura":"2 minutos"},"schema":{"@context":"https:\/\/schema.org","@graph":[{"@type":"WebPage","@id":"https:\/\/newlife.com.br\/site\/produto\/multilinhaca-pote-com-140-capsulas\/","url":"https:\/\/newlife.com.br\/site\/produto\/multilinhaca-pote-com-140-capsulas\/","name":"Multi Linha\u00e7a pote com 140 capsulas - New Life","isPartOf":{"@id":"https:\/\/newlife.com.br\/site\/#website"},"primaryImageOfPage":{"@id":"https:\/\/newlife.com.br\/site\/produto\/multilinhaca-pote-com-140-capsulas\/#primaryimage"},"image":{"@id":"https:\/\/newlife.com.br\/site\/produto\/multilinhaca-pote-com-140-capsulas\/#primaryimage"},"thumbnailUrl":"https:\/\/newlife.com.br\/site\/wp-content\/uploads\/2018\/03\/DSC01366.jpg","datePublished":"2018-03-24T00:11:05+00:00","dateModified":"2022-07-25T12:48:17+00:00","breadcrumb":{"@id":"https:\/\/newlife.com.br\/site\/produto\/multilinhaca-pote-com-140-capsulas\/#breadcrumb"},"inLanguage":"pt-BR","potentialAction":[{"@type":"ReadAction","target":["https:\/\/newlife.com.br\/site\/produto\/multilinhaca-pote-com-140-capsulas\/"]}]},{"@type":"ImageObject","inLanguage":"pt-BR","@id":"https:\/\/newlife.com.br\/site\/produto\/multilinhaca-pote-com-140-capsulas\/#primaryimage","url":"https:\/\/newlife.com.br\/site\/wp-content\/uploads\/2018\/03\/DSC01366.jpg","contentUrl":"https:\/\/newlife.com.br\/site\/wp-content\/uploads\/2018\/03\/DSC01366.jpg","width":600,"height":600},{"@type":"BreadcrumbList","@id":"https:\/\/newlife.com.br\/site\/produto\/multilinhaca-pote-com-140-capsulas\/#breadcrumb","itemListElement":[{"@type":"ListItem","position":1,"name":"In\u00edcio","item":"https:\/\/newlife.com.br\/site\/"},{"@type":"ListItem","position":2,"name":"Loja","item":"https:\/\/newlife.com.br\/site\/loja\/"},{"@type":"ListItem","position":3,"name":"Multi Linha\u00e7a pote com 140 capsulas"}]},{"@type":"WebSite","@id":"https:\/\/newlife.com.br\/site\/#website","url":"https:\/\/newlife.com.br\/site\/","name":"New Life","description":"New Life","potentialAction":[{"@type":"SearchAction","target":{"@type":"EntryPoint","urlTemplate":"https:\/\/newlife.com.br\/site\/?s={search_term_string}"},"query-input":{"@type":"PropertyValueSpecification","valueRequired":true,"valueName":"search_term_string"}}],"inLanguage":"pt-BR"}]}},"_links":{"self":[{"href":"https:\/\/newlife.com.br\/site\/wp-json\/wp\/v2\/product\/156","targetHints":{"allow":["GET"]}}],"collection":[{"href":"https:\/\/newlife.com.br\/site\/wp-json\/wp\/v2\/product"}],"about":[{"href":"https:\/\/newlife.com.br\/site\/wp-json\/wp\/v2\/types\/product"}],"wp:featuredmedia":[{"embeddable":true,"href":"https:\/\/newlife.com.br\/site\/wp-json\/wp\/v2\/media\/159"}],"wp:attachment":[{"href":"https:\/\/newlife.com.br\/site\/wp-json\/wp\/v2\/media?parent=156"}],"wp:term":[{"taxonomy":"product_brand","embeddable":true,"href":"https:\/\/newlife.com.br\/site\/wp-json\/wp\/v2\/product_brand?post=156"},{"taxonomy":"product_cat","embeddable":true,"href":"https:\/\/newlife.com.br\/site\/wp-json\/wp\/v2\/product_cat?post=156"},{"taxonomy":"product_tag","embeddable":true,"href":"https:\/\/newlife.com.br\/site\/wp-json\/wp\/v2\/product_tag?post=156"}],"curies":[{"name":"wp","href":"https:\/\/api.w.org\/{rel}","templated":true}]}}