{"id":301,"date":"2019-08-08T18:04:04","date_gmt":"2019-08-08T21:04:04","guid":{"rendered":"https:\/\/newlife.com.br\/site\/?post_type=product&#038;p=301"},"modified":"2024-04-29T09:36:01","modified_gmt":"2024-04-29T12:36:01","slug":"kit-vegan-mix-3-pacotes-com-200g-ganhe-um-com-100g","status":"publish","type":"product","link":"https:\/\/newlife.com.br\/site\/produto\/kit-vegan-mix-3-pacotes-com-200g-ganhe-um-com-100g\/","title":{"rendered":"Kit MultiVegan &#8211; 3 pacotes com 200g ganhe um com 100g"},"content":{"rendered":"<p>O <strong>MultiVegan<\/strong>\u00a0foi desenvolvido para facilitar a sua vida!<\/p>\n<p>\u00c9 um MIX \u00a0de farinha funcional com um sabor delicioso de canela.<\/p>\n<p>\u00c9 composta de aveia, farelo de arroz e sementes de abobora, gergelim, girassol e linha\u00e7a, folhas de mandioca e canela em p\u00f3.<\/p>\n<p>Rico em nutrientes essenciais, gorduras boas, prote\u00ednas e fibras.<\/p>\n<p>A aveia, um dos principais ingredientes do <strong>MultiVegan <\/strong>\u00a0 \u00e9 fundamental para auxiliar na elimina\u00e7\u00e3o de toxinas e aumentar a sensa\u00e7\u00e3o de saciedade. \u00a0Excelente fonte de fibras ela auxilia o sistema digestivo e atua no controle de peso.<\/p>\n<p>Sugest\u00e3o de uso: Adicione 1 colher de sobremesa em vitaminas, leite de soja, sucos, frutas ou mingau.<\/p>\n<p>&nbsp;<\/p>\n","protected":false},"excerpt":{"rendered":"<p><img loading=\"lazy\" decoding=\"async\" class=\"alignnone size-full wp-image-136\" src=\"https:\/\/newlife.com.br\/site\/wp-content\/uploads\/2018\/03\/Vegan-2.gif\" alt=\"\" width=\"172\" height=\"65\" \/><\/p>\n<p>* Farinha Funcional rica em nutrientes, proteinas e fibras.<\/p>\n<p>* Sem gl\u00faten<\/p>\n<p>* Sem conservantes ou corantes<\/p>\n<ul>\n<li>100 NATURAL<\/li>\n<\/ul>\n<p>&nbsp;<\/p>\n","protected":false},"featured_media":504,"template":"","meta":{"_et_pb_use_builder":"","_et_pb_old_content":"","_et_gb_content_width":""},"product_brand":[],"product_cat":[17],"product_tag":[],"class_list":{"0":"post-301","1":"product","2":"type-product","3":"status-publish","4":"has-post-thumbnail","6":"product_cat-kits-promocionais","8":"first","9":"instock","10":"shipping-taxable","11":"purchasable","12":"product-type-simple"},"yoast_head":"<!-- This site is optimized with the Yoast SEO plugin v27.5 - https:\/\/yoast.com\/product\/yoast-seo-wordpress\/ -->\n<title>Kit MultiVegan - 3 pacotes com 200g ganhe um com 100g - New Life<\/title>\n<meta name=\"description\" content=\"Que tal inserir em sua dieta as melhores sementes para a saude?\" \/>\n<meta name=\"robots\" content=\"index, follow, max-snippet:-1, max-image-preview:large, max-video-preview:-1\" \/>\n<link rel=\"canonical\" href=\"https:\/\/newlife.com.br\/site\/produto\/kit-vegan-mix-3-pacotes-com-200g-ganhe-um-com-100g\/\" \/>\n<meta property=\"og:locale\" content=\"pt_BR\" \/>\n<meta property=\"og:type\" content=\"article\" \/>\n<meta property=\"og:title\" content=\"Kit MultiVegan - 3 pacotes com 200g ganhe um com 100g - New Life\" \/>\n<meta property=\"og:description\" content=\"Que tal inserir em sua dieta as melhores sementes para a saude?\" \/>\n<meta property=\"og:url\" content=\"https:\/\/newlife.com.br\/site\/produto\/kit-vegan-mix-3-pacotes-com-200g-ganhe-um-com-100g\/\" \/>\n<meta property=\"og:site_name\" content=\"New Life\" \/>\n<meta property=\"article:modified_time\" content=\"2024-04-29T12:36:01+00:00\" \/>\n<meta property=\"og:image\" content=\"https:\/\/newlife.com.br\/site\/wp-content\/uploads\/2019\/08\/trio-multivegan.jpg\" \/>\n\t<meta property=\"og:image:width\" content=\"600\" \/>\n\t<meta property=\"og:image:height\" content=\"600\" \/>\n\t<meta property=\"og:image:type\" content=\"image\/jpeg\" \/>\n<meta name=\"twitter:card\" content=\"summary_large_image\" \/>\n<meta name=\"twitter:label1\" content=\"Est. tempo de leitura\" \/>\n\t<meta name=\"twitter:data1\" content=\"1 minuto\" \/>\n<script type=\"application\/ld+json\" class=\"yoast-schema-graph\">{\"@context\":\"https:\\\/\\\/schema.org\",\"@graph\":[{\"@type\":\"WebPage\",\"@id\":\"https:\\\/\\\/newlife.com.br\\\/site\\\/produto\\\/kit-vegan-mix-3-pacotes-com-200g-ganhe-um-com-100g\\\/\",\"url\":\"https:\\\/\\\/newlife.com.br\\\/site\\\/produto\\\/kit-vegan-mix-3-pacotes-com-200g-ganhe-um-com-100g\\\/\",\"name\":\"Kit MultiVegan - 3 pacotes com 200g ganhe um com 100g - New Life\",\"isPartOf\":{\"@id\":\"https:\\\/\\\/newlife.com.br\\\/site\\\/#website\"},\"primaryImageOfPage\":{\"@id\":\"https:\\\/\\\/newlife.com.br\\\/site\\\/produto\\\/kit-vegan-mix-3-pacotes-com-200g-ganhe-um-com-100g\\\/#primaryimage\"},\"image\":{\"@id\":\"https:\\\/\\\/newlife.com.br\\\/site\\\/produto\\\/kit-vegan-mix-3-pacotes-com-200g-ganhe-um-com-100g\\\/#primaryimage\"},\"thumbnailUrl\":\"https:\\\/\\\/newlife.com.br\\\/site\\\/wp-content\\\/uploads\\\/2019\\\/08\\\/trio-multivegan.jpg\",\"datePublished\":\"2019-08-08T21:04:04+00:00\",\"dateModified\":\"2024-04-29T12:36:01+00:00\",\"description\":\"Que tal inserir em sua dieta as melhores sementes para a saude?\",\"breadcrumb\":{\"@id\":\"https:\\\/\\\/newlife.com.br\\\/site\\\/produto\\\/kit-vegan-mix-3-pacotes-com-200g-ganhe-um-com-100g\\\/#breadcrumb\"},\"inLanguage\":\"pt-BR\",\"potentialAction\":[{\"@type\":\"ReadAction\",\"target\":[\"https:\\\/\\\/newlife.com.br\\\/site\\\/produto\\\/kit-vegan-mix-3-pacotes-com-200g-ganhe-um-com-100g\\\/\"]}]},{\"@type\":\"ImageObject\",\"inLanguage\":\"pt-BR\",\"@id\":\"https:\\\/\\\/newlife.com.br\\\/site\\\/produto\\\/kit-vegan-mix-3-pacotes-com-200g-ganhe-um-com-100g\\\/#primaryimage\",\"url\":\"https:\\\/\\\/newlife.com.br\\\/site\\\/wp-content\\\/uploads\\\/2019\\\/08\\\/trio-multivegan.jpg\",\"contentUrl\":\"https:\\\/\\\/newlife.com.br\\\/site\\\/wp-content\\\/uploads\\\/2019\\\/08\\\/trio-multivegan.jpg\",\"width\":600,\"height\":600},{\"@type\":\"BreadcrumbList\",\"@id\":\"https:\\\/\\\/newlife.com.br\\\/site\\\/produto\\\/kit-vegan-mix-3-pacotes-com-200g-ganhe-um-com-100g\\\/#breadcrumb\",\"itemListElement\":[{\"@type\":\"ListItem\",\"position\":1,\"name\":\"In\u00edcio\",\"item\":\"https:\\\/\\\/newlife.com.br\\\/site\\\/\"},{\"@type\":\"ListItem\",\"position\":2,\"name\":\"Loja\",\"item\":\"https:\\\/\\\/newlife.com.br\\\/site\\\/loja\\\/\"},{\"@type\":\"ListItem\",\"position\":3,\"name\":\"Kit MultiVegan &#8211; 3 pacotes com 200g ganhe um com 100g\"}]},{\"@type\":\"WebSite\",\"@id\":\"https:\\\/\\\/newlife.com.br\\\/site\\\/#website\",\"url\":\"https:\\\/\\\/newlife.com.br\\\/site\\\/\",\"name\":\"New Life\",\"description\":\"New Life\",\"potentialAction\":[{\"@type\":\"SearchAction\",\"target\":{\"@type\":\"EntryPoint\",\"urlTemplate\":\"https:\\\/\\\/newlife.com.br\\\/site\\\/?s={search_term_string}\"},\"query-input\":{\"@type\":\"PropertyValueSpecification\",\"valueRequired\":true,\"valueName\":\"search_term_string\"}}],\"inLanguage\":\"pt-BR\"}]}<\/script>\n<!-- \/ Yoast SEO plugin. -->","yoast_head_json":{"title":"Kit MultiVegan - 3 pacotes com 200g ganhe um com 100g - New Life","description":"Que tal inserir em sua dieta as melhores sementes para a saude?","robots":{"index":"index","follow":"follow","max-snippet":"max-snippet:-1","max-image-preview":"max-image-preview:large","max-video-preview":"max-video-preview:-1"},"canonical":"https:\/\/newlife.com.br\/site\/produto\/kit-vegan-mix-3-pacotes-com-200g-ganhe-um-com-100g\/","og_locale":"pt_BR","og_type":"article","og_title":"Kit MultiVegan - 3 pacotes com 200g ganhe um com 100g - New Life","og_description":"Que tal inserir em sua dieta as melhores sementes para a saude?","og_url":"https:\/\/newlife.com.br\/site\/produto\/kit-vegan-mix-3-pacotes-com-200g-ganhe-um-com-100g\/","og_site_name":"New Life","article_modified_time":"2024-04-29T12:36:01+00:00","og_image":[{"width":600,"height":600,"url":"https:\/\/newlife.com.br\/site\/wp-content\/uploads\/2019\/08\/trio-multivegan.jpg","type":"image\/jpeg"}],"twitter_card":"summary_large_image","twitter_misc":{"Est. tempo de leitura":"1 minuto"},"schema":{"@context":"https:\/\/schema.org","@graph":[{"@type":"WebPage","@id":"https:\/\/newlife.com.br\/site\/produto\/kit-vegan-mix-3-pacotes-com-200g-ganhe-um-com-100g\/","url":"https:\/\/newlife.com.br\/site\/produto\/kit-vegan-mix-3-pacotes-com-200g-ganhe-um-com-100g\/","name":"Kit MultiVegan - 3 pacotes com 200g ganhe um com 100g - New Life","isPartOf":{"@id":"https:\/\/newlife.com.br\/site\/#website"},"primaryImageOfPage":{"@id":"https:\/\/newlife.com.br\/site\/produto\/kit-vegan-mix-3-pacotes-com-200g-ganhe-um-com-100g\/#primaryimage"},"image":{"@id":"https:\/\/newlife.com.br\/site\/produto\/kit-vegan-mix-3-pacotes-com-200g-ganhe-um-com-100g\/#primaryimage"},"thumbnailUrl":"https:\/\/newlife.com.br\/site\/wp-content\/uploads\/2019\/08\/trio-multivegan.jpg","datePublished":"2019-08-08T21:04:04+00:00","dateModified":"2024-04-29T12:36:01+00:00","description":"Que tal inserir em sua dieta as melhores sementes para a saude?","breadcrumb":{"@id":"https:\/\/newlife.com.br\/site\/produto\/kit-vegan-mix-3-pacotes-com-200g-ganhe-um-com-100g\/#breadcrumb"},"inLanguage":"pt-BR","potentialAction":[{"@type":"ReadAction","target":["https:\/\/newlife.com.br\/site\/produto\/kit-vegan-mix-3-pacotes-com-200g-ganhe-um-com-100g\/"]}]},{"@type":"ImageObject","inLanguage":"pt-BR","@id":"https:\/\/newlife.com.br\/site\/produto\/kit-vegan-mix-3-pacotes-com-200g-ganhe-um-com-100g\/#primaryimage","url":"https:\/\/newlife.com.br\/site\/wp-content\/uploads\/2019\/08\/trio-multivegan.jpg","contentUrl":"https:\/\/newlife.com.br\/site\/wp-content\/uploads\/2019\/08\/trio-multivegan.jpg","width":600,"height":600},{"@type":"BreadcrumbList","@id":"https:\/\/newlife.com.br\/site\/produto\/kit-vegan-mix-3-pacotes-com-200g-ganhe-um-com-100g\/#breadcrumb","itemListElement":[{"@type":"ListItem","position":1,"name":"In\u00edcio","item":"https:\/\/newlife.com.br\/site\/"},{"@type":"ListItem","position":2,"name":"Loja","item":"https:\/\/newlife.com.br\/site\/loja\/"},{"@type":"ListItem","position":3,"name":"Kit MultiVegan &#8211; 3 pacotes com 200g ganhe um com 100g"}]},{"@type":"WebSite","@id":"https:\/\/newlife.com.br\/site\/#website","url":"https:\/\/newlife.com.br\/site\/","name":"New Life","description":"New Life","potentialAction":[{"@type":"SearchAction","target":{"@type":"EntryPoint","urlTemplate":"https:\/\/newlife.com.br\/site\/?s={search_term_string}"},"query-input":{"@type":"PropertyValueSpecification","valueRequired":true,"valueName":"search_term_string"}}],"inLanguage":"pt-BR"}]}},"_links":{"self":[{"href":"https:\/\/newlife.com.br\/site\/wp-json\/wp\/v2\/product\/301","targetHints":{"allow":["GET"]}}],"collection":[{"href":"https:\/\/newlife.com.br\/site\/wp-json\/wp\/v2\/product"}],"about":[{"href":"https:\/\/newlife.com.br\/site\/wp-json\/wp\/v2\/types\/product"}],"wp:featuredmedia":[{"embeddable":true,"href":"https:\/\/newlife.com.br\/site\/wp-json\/wp\/v2\/media\/504"}],"wp:attachment":[{"href":"https:\/\/newlife.com.br\/site\/wp-json\/wp\/v2\/media?parent=301"}],"wp:term":[{"taxonomy":"product_brand","embeddable":true,"href":"https:\/\/newlife.com.br\/site\/wp-json\/wp\/v2\/product_brand?post=301"},{"taxonomy":"product_cat","embeddable":true,"href":"https:\/\/newlife.com.br\/site\/wp-json\/wp\/v2\/product_cat?post=301"},{"taxonomy":"product_tag","embeddable":true,"href":"https:\/\/newlife.com.br\/site\/wp-json\/wp\/v2\/product_tag?post=301"}],"curies":[{"name":"wp","href":"https:\/\/api.w.org\/{rel}","templated":true}]}}